{"id":25,"date":"2013-11-13T10:12:55","date_gmt":"2013-11-13T10:12:55","guid":{"rendered":"https:\/\/egeskovgard.dk\/?page_id=25"},"modified":"2018-01-06T21:14:25","modified_gmt":"2018-01-06T19:14:25","slug":"braende","status":"publish","type":"page","link":"https:\/\/egeskovgard.dk\/?page_id=25","title":{"rendered":"Br\u00e6nde"},"content":{"rendered":"<p>[et_pb_section bb_built=&#8221;1&#8243; fullwidth=&#8221;off&#8221; specialty=&#8221;on&#8221; _builder_version=&#8221;3.0.93&#8243; custom_margin=&#8221;||0px|&#8221; custom_padding=&#8221;||0px|&#8221;][et_pb_column type=&#8221;2_3&#8243; specialty_columns=&#8221;2&#8243;][et_pb_row_inner admin_label=&#8221;R\u00e6kke&#8221;][et_pb_column_inner type=&#8221;4_4&#8243; saved_specialty_column_type=&#8221;2_3&#8243;][et_pb_text admin_label=&#8221;Kvalitets br\u00e6nde eg \/ avnb\u00f8g&#8221; background_position=&#8221;top_left&#8221; background_repeat=&#8221;repeat&#8221; background_size=&#8221;initial&#8221; _builder_version=&#8221;3.0.93&#8243; background_layout=&#8221;light&#8221;]<\/p>\n<h2>Kvalitets br\u00e6nde eg \/ avnb\u00f8g \/ b\u00f8g \/ ask \/ ahorn stablet i t\u00e5rn.<\/h2>\n<p>T\u00e5rnet rummer br\u00e6ndestykker p\u00e5<br \/>\n25-30 cm ca. 3 skovrummeter svarende til ca. 2 rummeter t\u00e6t stablet i t\u00e5rn.<\/p>\n<p>[\/et_pb_text][et_pb_text admin_label=&#8221;Priser&#8221; background_position=&#8221;top_left&#8221; background_repeat=&#8221;repeat&#8221; background_size=&#8221;initial&#8221; _builder_version=&#8221;3.0.93&#8243; background_layout=&#8221;light&#8221;]<\/p>\n<table border=\"1\" width=\"570\">\n<tbody>\n<tr>\n<td valign=\"top\" width=\"100\">Tr\u00e6sort<\/td>\n<td valign=\"top\" width=\"100\">L\u00e6ngde<\/td>\n<td valign=\"top\" width=\"270\">M\u00e6ngde<\/td>\n<td style=\"text-align: left;\" valign=\"top\" width=\"100\">Pris<\/td>\n<\/tr>\n<tr>\n<td valign=\"top\" width=\"100\">Eg<\/td>\n<td valign=\"top\" width=\"100\">25-30cm<\/td>\n<td valign=\"top\" width=\"270\">Stablet meter i t\u00e5rn<\/td>\n<td style=\"text-align: left;\" valign=\"top\" width=\"100\">1650,-<\/td>\n<\/tr>\n<tr>\n<td valign=\"top\" width=\"100\">B\u00f8g<\/td>\n<td valign=\"top\" width=\"100\">25-35cm<\/td>\n<td valign=\"top\" width=\"270\">Stablet meter i t\u00e5rn<\/td>\n<td style=\"text-align: left;\" valign=\"top\" width=\"100\">1800,-<\/td>\n<\/tr>\n<tr>\n<td valign=\"top\" width=\"100\">Gran<\/td>\n<td valign=\"top\" width=\"100\">25-35cm<\/td>\n<td valign=\"top\" width=\"270\">Stablet meter i t\u00e5rn<\/td>\n<td style=\"text-align: left;\" valign=\"top\" width=\"100\">1400,-<\/td>\n<\/tr>\n<\/tbody>\n<\/table>\n<p>[\/et_pb_text][et_pb_text admin_label=&#8221;Br\u00e6nde i stors\u00e6kke \u00e1 1 rummeter, t\u00f8rt&#8221; background_position=&#8221;top_left&#8221; background_repeat=&#8221;repeat&#8221; background_size=&#8221;initial&#8221; _builder_version=&#8221;3.0.93&#8243; background_layout=&#8221;light&#8221;]<\/p>\n<h3>Br\u00e6nde i stors\u00e6kke \u00e1 1 rummeter, t\u00f8rt<\/h3>\n<table border=\"1\" width=\"570\">\n<tbody>\n<tr>\n<td valign=\"top\" width=\"100\">Tr\u00e6sort<\/td>\n<td valign=\"top\" width=\"100\">L\u00e6ngde<\/td>\n<td valign=\"top\" width=\"270\">M\u00e6ngde<\/td>\n<td valign=\"top\" width=\"100\">Pris<\/td>\n<\/tr>\n<tr>\n<td valign=\"top\" width=\"100\">Eg<\/td>\n<td valign=\"top\" width=\"100\">25-30cm<\/td>\n<td valign=\"top\" width=\"270\">Ikke stablet<\/td>\n<td valign=\"top\" width=\"100\">550,-<\/td>\n<\/tr>\n<tr>\n<td valign=\"top\" width=\"100\">B\u00f8g<\/td>\n<td valign=\"top\" width=\"100\">25-30cm<\/td>\n<td valign=\"top\" width=\"270\">Ikke stablet<\/td>\n<td valign=\"top\" width=\"100\">600,-<\/td>\n<\/tr>\n<tr>\n<td valign=\"top\" width=\"100\">Ahorn\/ask<\/td>\n<td valign=\"top\" width=\"100\">25-35cm<\/td>\n<td valign=\"top\" width=\"270\">Ikke stablet<\/td>\n<td valign=\"top\" width=\"100\">550,-<\/td>\n<\/tr>\n<tr>\n<td valign=\"top\" width=\"100\">Gran<\/td>\n<td valign=\"top\" width=\"100\">25-35cm<\/td>\n<td valign=\"top\" width=\"270\">Ikke stablet<\/td>\n<td valign=\"top\" width=\"100\">400,-<\/td>\n<\/tr>\n<tr>\n<td colspan=\"3\" valign=\"top\" width=\"470\">T\u00f8rt br\u00e6nde p\u00e5 bestilling b\u00f8g \/ ask \/ ahorn \/ eg \/ gran rummeter<\/td>\n<td valign=\"top\" width=\"100\">fra 400,-<\/td>\n<\/tr>\n<tr>\n<td colspan=\"3\" valign=\"top\" width=\"470\">Br\u00e6nde i k\u00e6vler p\u00e5 3m\u20134.5m b\u00f8g \/ ask \/ ahorn \/ eg \/ gran rummeter<\/td>\n<td valign=\"top\" width=\"100\">fra 250,-<\/td>\n<\/tr>\n<\/tbody>\n<\/table>\n<p>&nbsp;<\/p>\n<p>[\/et_pb_text][\/et_pb_column_inner][\/et_pb_row_inner][\/et_pb_column][et_pb_column type=&#8221;1_3&#8243;][et_pb_image _builder_version=&#8221;3.0.93&#8243; src=&#8221;https:\/\/egeskovgard.dk\/wp-content\/uploads\/2013\/11\/Br\u00e6nde.jpg&#8221; show_in_lightbox=&#8221;off&#8221; url_new_window=&#8221;off&#8221; use_overlay=&#8221;off&#8221; align=&#8221;center&#8221; always_center_on_mobile=&#8221;on&#8221; force_fullwidth=&#8221;on&#8221; show_bottom_space=&#8221;on&#8221; \/][et_pb_image _builder_version=&#8221;3.0.93&#8243; src=&#8221;https:\/\/egeskovgard.dk\/wp-content\/uploads\/2013\/12\/Br\u00e6nde2-Small.jpg&#8221; show_in_lightbox=&#8221;off&#8221; url_new_window=&#8221;off&#8221; use_overlay=&#8221;off&#8221; align=&#8221;center&#8221; always_center_on_mobile=&#8221;on&#8221; force_fullwidth=&#8221;on&#8221; show_bottom_space=&#8221;on&#8221; \/][\/et_pb_column][\/et_pb_section][et_pb_section bb_built=&#8221;1&#8243; _builder_version=&#8221;3.0.93&#8243; box_shadow_style=&#8221;preset3&#8243;][et_pb_row][et_pb_column type=&#8221;4_4&#8243;][et_pb_text background_position=&#8221;top_left&#8221; background_repeat=&#8221;repeat&#8221; background_size=&#8221;initial&#8221; _builder_version=&#8221;3.0.93&#8243; background_layout=&#8221;light&#8221;]<\/p>\n<h4>Om m\u00e5l, v\u00e6gt og br\u00e6ndv\u00e6rdi:<\/h4>\n<p><span style=\"text-decoration: underline;\">Hvad er en rummeter (RM)?<\/span><br \/>\nEn rummeter er en luftkasse p\u00e5 1 x 1 x 1 meter, hvori der er stablet noget br\u00e6nde. Afh\u00e6ngig af hvor godt br\u00e6ndet er stablet, hvor tykt det er og hvor ret det er, kan der v\u00e6re mere eller mindre tr\u00e6 i en rummeter.<\/p>\n<p><span style=\"text-decoration: underline;\">Hvad er en kubikmeter fast masse (KFM)?<\/span><br \/>\nEn kubikmeter fast masse er en t\u00e6nkt kasse p\u00e5 1 x 1 x 1 meter fyldt med tr\u00e6 uden luft.<br \/>\nHvis man forestiller sig at man kunne smelte en rummeter tr\u00e6, ville der typisk kun v\u00e6re ca. 0,6 kubikmeter fast masse.<br \/>\n1 rummeter = ca. 0,6 kubikmeter fast masse<br \/>\n1 kubikmeter fast masse = ca. 1,7 rummeter<\/p>\n<p><span style=\"text-decoration: underline;\">Hvor meget vejer br\u00e6ndet?<\/span><br \/>\n1 rummeter b\u00f8g eller eg vejer ca. 500-600 kg, n\u00e5r det er friskt, dvs. nyskovet (f\u00e6ldet). Ahorn og ask vejer 10-15% mindre, dvs. 425-525 kg\/rm.<br \/>\nTr\u00e6et bliver lettere i takt med at det t\u00f8rrer, hvilket vil sige fra april og frem. V\u00e6gten vil for tr\u00e6 i 2 meters l\u00e6ngde reduceres med ca. 15%. Jo t\u00f8rrere tr\u00e6et bliver, desto lettere bliver det.<\/p>\n<p><span style=\"text-decoration: underline;\">Hvad er forholdet mellem br\u00e6ndv\u00e6rdi og br\u00e6ndets art?<\/span><br \/>\nBr\u00e6ndv\u00e6rdien af 1 ton t\u00f8rt tr\u00e6 er omtrent svarende til ca. 500 liter olie. For br\u00e6ndets vedkommende er tallet fx ca. 7 rummeter l\u00f8vtr\u00e6br\u00e6nde pr. 1000 liter olie. Man skal dog v\u00e6re opm\u00e6rksom p\u00e5, at m\u00e6ngden af varme ikke kun afh\u00e6nger af energiindholdet i tr\u00e6et, men ogs\u00e5 af hvor effektivt br\u00e6ndeovnen udnytter br\u00e6ndslet.<\/p>\n<p>Dansk Skovforening har udgivet en folder om br\u00e6nde og varme. Folderen kan ses p\u00e5 <a href=\"http:\/\/www.skovforeningen.dk\/site\/skovforeningens_braendefolder\/\" target=\"_blank\" rel=\"noopener\">www.skovforeningen.dk\/site\/skovforeningens_braendefolder<\/a>&nbsp;eller f\u00e5s ved henvendelse til:<\/p>\n<p>Dansk Skovforening<br \/>\nAmalievej 20<br \/>\n1875 Frederiksberg C<br \/>\nTlf. 33 24 02 42.<\/p>\n<p>Kilde: Skov og Natur\u00b4s hjemmeside.<\/p>\n<p>Link: <a href=\"http:\/\/www.skovognatur.dk\/Skov\/Produkter\/Braende\/FAQ\/FAQ.htm\" target=\"_blank\" rel=\"noopener\">http:\/\/www.skovognatur.dk\/Skov\/Produkter\/Braende\/FAQ\/FAQ.htm<\/a><\/p>\n<p>[\/et_pb_text][\/et_pb_column][\/et_pb_row][\/et_pb_section][et_pb_section bb_built=&#8221;1&#8243; _builder_version=&#8221;3.0.93&#8243; background_color=&#8221;#666666&#8243; inner_shadow=&#8221;on&#8221; global_module=&#8221;947&#8243;][et_pb_row global_parent=&#8221;947&#8243; background_position=&#8221;top_left&#8221; background_repeat=&#8221;repeat&#8221; background_size=&#8221;initial&#8221;][et_pb_column type=&#8221;1_3&#8243;][et_pb_text admin_label=&#8221;\u00c5bningstider:&#8221; global_parent=&#8221;947&#8243; background_position=&#8221;top_left&#8221; background_repeat=&#8221;repeat&#8221; background_size=&#8221;initial&#8221; _builder_version=&#8221;3.0.93&#8243; background_layout=&#8221;dark&#8221;]<\/p>\n<h2>\u00c5bningstider:<\/h2>\n<p><strong>\u00c5bent alle dage efter aftale.<\/strong><\/p>\n<p>H\u00f8jk\u00e6rvej 86<br \/>\n6000 Kolding<br \/>\nJacob +4522795612<br \/>\nSimon +4540952917<\/p>\n<p>kontaktegeskovgard@gmail.com<br \/>\nwww.egeskovgard.dk<\/p>\n<p>CVR.nr. 34521352<\/p>\n<p>[\/et_pb_text][\/et_pb_column][et_pb_column type=&#8221;1_3&#8243;][\/et_pb_column][et_pb_column type=&#8221;1_3&#8243;][\/et_pb_column][\/et_pb_row][\/et_pb_section]<\/p>\n","protected":false},"excerpt":{"rendered":"<p>Kvalitets br\u00e6nde eg \/ avnb\u00f8g \/ b\u00f8g \/ ask \/ ahorn stablet i t\u00e5rn. T\u00e5rnet rummer br\u00e6ndestykker p\u00e5 25-30 cm ca. 3 skovrummeter svarende til ca. 2 rummeter t\u00e6t stablet i t\u00e5rn. Tr\u00e6sort L\u00e6ngde M\u00e6ngde Pris Eg 25-30cm Stablet meter i t\u00e5rn 1650,- B\u00f8g 25-35cm Stablet meter i t\u00e5rn 1800,- Gran 25-35cm Stablet meter i [&hellip;]<\/p>\n","protected":false},"author":3,"featured_media":0,"parent":0,"menu_order":40,"comment_status":"closed","ping_status":"closed","template":"","meta":{"_et_pb_use_builder":"on","_et_pb_old_content":"<p><i><img class=\" wp-image-217 alignright\" alt=\"br\u00e6nde1 (Small)\" src=\"https:\/\/egeskovgard.dk\/wp-content\/uploads\/2013\/12\/br\u00e6nde1-Small.jpg\" width=\"288\" height=\"435\" \/>Kvalitets br\u00e6nde eg \/ avnb\u00f8g \/ b\u00f8g \/ ask \/ ahorn stablet i t\u00e5rn. T\u00e5rnet rummer br\u00e6ndestykker p\u00e5<br \/>\r\n25-30 cm ca. 3 skovrummeter svarende til ca. 2 rummeter t\u00e6t stablet i t\u00e5rn.<\/i><\/p>\r\n<table width=\"570\" border=\"1\">\r\n<tbody>\r\n<tr>\r\n<td valign=\"top\" width=\"100\">Tr\u00e6sort<\/td>\r\n<td valign=\"top\" width=\"100\">L\u00e6ngde<\/td>\r\n<td valign=\"top\" width=\"270\">M\u00e6ngde<\/td>\r\n<td style=\"text-align: left;\" valign=\"top\" width=\"100\">Pris<\/td>\r\n<\/tr>\r\n<tr>\r\n<td valign=\"top\" width=\"100\">Eg<\/td>\r\n<td valign=\"top\" width=\"100\">25-30cm<\/td>\r\n<td valign=\"top\" width=\"270\">Stablet meter i t\u00e5rn<\/td>\r\n<td style=\"text-align: left;\" valign=\"top\" width=\"100\">1650,-<\/td>\r\n<\/tr>\r\n<tr>\r\n<td valign=\"top\" width=\"100\">B\u00f8g<\/td>\r\n<td valign=\"top\" width=\"100\">25-35cm<\/td>\r\n<td valign=\"top\" width=\"270\">Stablet meter i t\u00e5rn<\/td>\r\n<td style=\"text-align: left;\" valign=\"top\" width=\"100\">1800,-<\/td>\r\n<\/tr>\r\n<tr>\r\n<td valign=\"top\" width=\"100\">Gran<\/td>\r\n<td valign=\"top\" width=\"100\">25-35cm<\/td>\r\n<td valign=\"top\" width=\"270\">Stablet meter i t\u00e5rn<\/td>\r\n<td style=\"text-align: left;\" valign=\"top\" width=\"100\">1400,-<\/td>\r\n<\/tr>\r\n<\/tbody>\r\n<\/table>\r\n<p>\u00a0<\/p>\r\n<p>Br\u00e6nde i stors\u00e6kke \u00e1 1 rummeter, t\u00f8rt<\/p>\r\n<table width=\"570\" border=\"1\">\r\n<tbody>\r\n<tr>\r\n<td valign=\"top\" width=\"100\">Tr\u00e6sort<\/td>\r\n<td valign=\"top\" width=\"100\">L\u00e6ngde<\/td>\r\n<td valign=\"top\" width=\"270\">M\u00e6ngde<\/td>\r\n<td valign=\"top\" width=\"100\">Pris<\/td>\r\n<\/tr>\r\n<tr>\r\n<td valign=\"top\" width=\"100\">Eg<\/td>\r\n<td valign=\"top\" width=\"100\">25-30cm<\/td>\r\n<td valign=\"top\" width=\"270\">Ikke stablet<\/td>\r\n<td valign=\"top\" width=\"100\">550,-<\/td>\r\n<\/tr>\r\n<tr>\r\n<td valign=\"top\" width=\"100\">B\u00f8g<\/td>\r\n<td valign=\"top\" width=\"100\">25-30cm<\/td>\r\n<td valign=\"top\" width=\"270\">Ikke stablet<\/td>\r\n<td valign=\"top\" width=\"100\">600,-<\/td>\r\n<\/tr>\r\n<tr>\r\n<td valign=\"top\" width=\"100\">Ahorn\/ask<\/td>\r\n<td valign=\"top\" width=\"100\">25-35cm<\/td>\r\n<td valign=\"top\" width=\"270\">Ikke stablet<\/td>\r\n<td valign=\"top\" width=\"100\">550,-<\/td>\r\n<\/tr>\r\n<tr>\r\n<td valign=\"top\" width=\"100\">Gran<\/td>\r\n<td valign=\"top\" width=\"100\">25-35cm<\/td>\r\n<td valign=\"top\" width=\"270\">Ikke stablet<\/td>\r\n<td valign=\"top\" width=\"100\">400,-<\/td>\r\n<\/tr>\r\n<tr>\r\n<td colspan=\"3\" valign=\"top\" width=\"470\">T\u00f8rt br\u00e6nde p\u00e5 bestilling b\u00f8g \/ ask \/ ahorn \/ eg \/ gran rummeter<\/td>\r\n<td valign=\"top\" width=\"100\">fra 400,-<\/td>\r\n<\/tr>\r\n<tr>\r\n<td colspan=\"3\" valign=\"top\" width=\"470\">Br\u00e6nde i k\u00e6vler p\u00e5 3m\u20134.5m b\u00f8g \/ ask \/ ahorn \/ eg \/ gran rummeter<\/td>\r\n<td valign=\"top\" width=\"100\">fra 250,-<\/td>\r\n<\/tr>\r\n<\/tbody>\r\n<\/table>\r\n<p>\u00a0<\/p>\r\n<h4>Om m\u00e5l, v\u00e6gt og br\u00e6ndv\u00e6rdi:<\/h4>\r\n<p><span style=\"text-decoration: underline;\">Hvad er en rummeter (RM)?<\/span><br \/>\r\nEn rummeter er en luftkasse p\u00e5 1 x 1 x 1 meter, hvori der er stablet noget br\u00e6nde. Afh\u00e6ngig af hvor godt br\u00e6ndet er stablet, hvor tykt det er og hvor ret det er, kan der v\u00e6re mere eller mindre tr\u00e6 i en rummeter.<\/p>\r\n<p><span style=\"text-decoration: underline;\"><img class=\"alignright\" alt=\"Br\u00e6nde2 (Small)\" src=\"https:\/\/egeskovgard.dk\/wp-content\/uploads\/2013\/12\/Br\u00e6nde2-Small.jpg\" width=\"392\" height=\"259\" \/>Hvad er en kubikmeter fast masse (KFM)?<\/span><br \/>\r\nEn kubikmeter fast masse er en t\u00e6nkt kasse p\u00e5 1 x 1 x 1 meter fyldt med tr\u00e6 uden luft.<br \/>\r\nHvis man forestiller sig at man kunne smelte en rummeter tr\u00e6, ville der typisk kun v\u00e6re ca. 0,6 kubikmeter fast masse.<br \/>\r\n1 rummeter = ca. 0,6 kubikmeter fast masse<br \/>\r\n1 kubikmeter fast masse = ca. 1,7 rummeter<\/p>\r\n<p><span style=\"text-decoration: underline;\">Hvor meget vejer br\u00e6ndet?<\/span><br \/>\r\n1 rummeter b\u00f8g eller eg vejer ca. 500-600 kg, n\u00e5r det er friskt, dvs. nyskovet (f\u00e6ldet). Ahorn og ask vejer 10-15% mindre, dvs. 425-525 kg\/rm.<br \/>\r\nTr\u00e6et bliver lettere i takt med at det t\u00f8rrer, hvilket vil sige fra april og frem. V\u00e6gten vil for tr\u00e6 i 2 meters l\u00e6ngde reduceres med ca. 15%. Jo t\u00f8rrere tr\u00e6et bliver, desto lettere bliver det.<\/p>\r\n<p><span style=\"text-decoration: underline;\">Hvad er forholdet mellem br\u00e6ndv\u00e6rdi og br\u00e6ndets art?<\/span><br \/>\r\nBr\u00e6ndv\u00e6rdien af 1 ton t\u00f8rt tr\u00e6 er omtrent svarende til ca. 500 liter olie. For br\u00e6ndets vedkommende er tallet fx ca. 7 rummeter l\u00f8vtr\u00e6br\u00e6nde pr. 1000 liter olie. Man skal dog v\u00e6re opm\u00e6rksom p\u00e5, at m\u00e6ngden af varme ikke kun afh\u00e6nger af energiindholdet i tr\u00e6et, men ogs\u00e5 af hvor effektivt br\u00e6ndeovnen udnytter br\u00e6ndslet.<\/p>\r\n<p>Dansk Skovforening har udgivet en folder om br\u00e6nde og varme. Folderen kan ses p\u00e5 <a href=\"http:\/\/www.skovforeningen.dk\/site\/skovforeningens_braendefolder\/\">www.skovforeningen.dk\/site\/skovforeningens_braendefolder<\/a>\u00a0eller f\u00e5s ved henvendelse til:<\/p>\r\n<p>Dansk Skovforening<br \/>\r\nAmalievej 20<br \/>\r\n1875 Frederiksberg C<br \/>\r\nTlf. 33 24 02 42.<\/p>\r\n<p>Kilde: Skov og Natur\u00b4s hjemmeside.<\/p>\r\n<p>Link: <a href=\"http:\/\/www.skovognatur.dk\/Skov\/Produkter\/Braende\/FAQ\/FAQ.htm\">http:\/\/www.skovognatur.dk\/Skov\/Produkter\/Braende\/FAQ\/FAQ.htm<\/a><\/p>","_et_gb_content_width":"","ngg_post_thumbnail":0,"footnotes":""},"class_list":["post-25","page","type-page","status-publish","hentry"],"_links":{"self":[{"href":"https:\/\/egeskovgard.dk\/index.php?rest_route=\/wp\/v2\/pages\/25","targetHints":{"allow":["GET"]}}],"collection":[{"href":"https:\/\/egeskovgard.dk\/index.php?rest_route=\/wp\/v2\/pages"}],"about":[{"href":"https:\/\/egeskovgard.dk\/index.php?rest_route=\/wp\/v2\/types\/page"}],"author":[{"embeddable":true,"href":"https:\/\/egeskovgard.dk\/index.php?rest_route=\/wp\/v2\/users\/3"}],"replies":[{"embeddable":true,"href":"https:\/\/egeskovgard.dk\/index.php?rest_route=%2Fwp%2Fv2%2Fcomments&post=25"}],"version-history":[{"count":5,"href":"https:\/\/egeskovgard.dk\/index.php?rest_route=\/wp\/v2\/pages\/25\/revisions"}],"predecessor-version":[{"id":994,"href":"https:\/\/egeskovgard.dk\/index.php?rest_route=\/wp\/v2\/pages\/25\/revisions\/994"}],"wp:attachment":[{"href":"https:\/\/egeskovgard.dk\/index.php?rest_route=%2Fwp%2Fv2%2Fmedia&parent=25"}],"curies":[{"name":"wp","href":"https:\/\/api.w.org\/{rel}","templated":true}]}}