{"id":19,"date":"2013-11-13T10:12:12","date_gmt":"2013-11-13T10:12:12","guid":{"rendered":"https:\/\/egeskovgard.dk\/?page_id=19"},"modified":"2018-01-06T21:25:29","modified_gmt":"2018-01-06T19:25:29","slug":"baenke","status":"publish","type":"page","link":"https:\/\/egeskovgard.dk\/?page_id=19","title":{"rendered":"B\u00e6nke"},"content":{"rendered":"<p>[et_pb_section bb_built=&#8221;1&#8243; fullwidth=&#8221;off&#8221; specialty=&#8221;on&#8221; _builder_version=&#8221;3.0.93&#8243; box_shadow_style=&#8221;preset3&#8243;][et_pb_column type=&#8221;2_3&#8243; specialty_columns=&#8221;2&#8243;][et_pb_row_inner admin_label=&#8221;R\u00e6kke&#8221;][et_pb_column_inner type=&#8221;4_4&#8243; saved_specialty_column_type=&#8221;2_3&#8243;][et_pb_text admin_label=&#8221;Dansk produceret b\u00e6nk fra Egeskovgaard savv\u00e6rk&#8221; background_position=&#8221;top_left&#8221; background_repeat=&#8221;repeat&#8221; background_size=&#8221;initial&#8221; _builder_version=&#8221;3.0.93&#8243; background_layout=&#8221;light&#8221;]<\/p>\n<h2><i>Dansk produceret b\u00e6nk fra Egeskovgaard savv\u00e6rk<\/i><\/h2>\n<p><i>&#8211; af dansk kvalitets egetr\u00e6. B\u00e6nken er&nbsp;lavet af 5 cm egeblanker for at sikre optimal levetid.&nbsp;<\/i>B\u00e6nke fremstilles ogs\u00e5 med dine \u00f8nskede m\u00e5l.<\/p>\n<p>[\/et_pb_text][et_pb_text admin_label=&#8221;F\u00e5es i 3-4 pers model.&#8221; background_position=&#8221;top_left&#8221; background_repeat=&#8221;repeat&#8221; background_size=&#8221;initial&#8221; _builder_version=&#8221;3.0.93&#8243; background_layout=&#8221;light&#8221;]<\/p>\n<p><strong>F\u00e5es i 3-4 pers model.<\/strong><\/p>\n<table border=\"1\">\n<tbody>\n<tr>\n<td valign=\"top\" width=\"108\">Tr\u00e6sort<\/td>\n<td valign=\"top\" width=\"128\">Tykkelse<\/td>\n<td valign=\"top\" width=\"118\">Brede<\/td>\n<td valign=\"top\" width=\"118\">L\u00e6ngde<\/td>\n<td valign=\"top\" width=\"98\">Pris<\/td>\n<\/tr>\n<tr>\n<td valign=\"top\" width=\"108\">Eg<\/td>\n<td valign=\"top\" width=\"128\">50mm<\/td>\n<td valign=\"top\" width=\"118\">35cm<\/td>\n<td valign=\"top\" width=\"118\">1.5m<\/td>\n<td valign=\"top\" width=\"98\">3300,-<\/td>\n<\/tr>\n<tr>\n<td valign=\"top\" width=\"108\">Eg<\/td>\n<td valign=\"top\" width=\"128\">50mm<\/td>\n<td valign=\"top\" width=\"118\">35cm<\/td>\n<td valign=\"top\" width=\"118\">2.0m<\/td>\n<td valign=\"top\" width=\"98\">3700,-<\/td>\n<\/tr>\n<\/tbody>\n<\/table>\n<p>[\/et_pb_text][\/et_pb_column_inner][\/et_pb_row_inner][\/et_pb_column][et_pb_column type=&#8221;1_3&#8243;][et_pb_image _builder_version=&#8221;3.0.93&#8243; src=&#8221;https:\/\/egeskovgard.dk\/wp-content\/uploads\/2013\/11\/P2270050-Medium.jpg&#8221; show_in_lightbox=&#8221;off&#8221; url_new_window=&#8221;off&#8221; use_overlay=&#8221;off&#8221; always_center_on_mobile=&#8221;on&#8221; force_fullwidth=&#8221;off&#8221; show_bottom_space=&#8221;on&#8221; \/][\/et_pb_column][\/et_pb_section][et_pb_section bb_built=&#8221;1&#8243; _builder_version=&#8221;3.0.93&#8243; background_color=&#8221;#666666&#8243; inner_shadow=&#8221;on&#8221; global_module=&#8221;947&#8243;][et_pb_row global_parent=&#8221;947&#8243; background_position=&#8221;top_left&#8221; background_repeat=&#8221;repeat&#8221; background_size=&#8221;initial&#8221;][et_pb_column type=&#8221;1_3&#8243;][et_pb_text admin_label=&#8221;\u00c5bningstider:&#8221; global_parent=&#8221;947&#8243; background_position=&#8221;top_left&#8221; background_repeat=&#8221;repeat&#8221; background_size=&#8221;initial&#8221; _builder_version=&#8221;3.0.93&#8243; background_layout=&#8221;dark&#8221;]<\/p>\n<h2>\u00c5bningstider:<\/h2>\n<p><strong>\u00c5bent alle dage efter aftale.<\/strong><\/p>\n<p>H\u00f8jk\u00e6rvej 86<br \/>\n6000 Kolding<br \/>\nJacob +4522795612<br \/>\nSimon +4540952917<\/p>\n<p>kontaktegeskovgard@gmail.com<br \/>\nwww.egeskovgard.dk<\/p>\n<p>CVR.nr. 34521352<\/p>\n<p>[\/et_pb_text][\/et_pb_column][et_pb_column type=&#8221;2_3&#8243;][\/et_pb_column][\/et_pb_row][\/et_pb_section]<\/p>\n","protected":false},"excerpt":{"rendered":"<p>Dansk produceret b\u00e6nk fra Egeskovgaard savv\u00e6rk &#8211; af dansk kvalitets egetr\u00e6. B\u00e6nken er&nbsp;lavet af 5 cm egeblanker for at sikre optimal levetid.&nbsp;B\u00e6nke fremstilles ogs\u00e5 med dine \u00f8nskede m\u00e5l. F\u00e5es i 3-4 pers model. Tr\u00e6sort Tykkelse Brede L\u00e6ngde Pris Eg 50mm 35cm 1.5m 3300,- Eg 50mm 35cm 2.0m 3700,- \u00c5bningstider: \u00c5bent alle dage efter aftale. H\u00f8jk\u00e6rvej [&hellip;]<\/p>\n","protected":false},"author":3,"featured_media":0,"parent":0,"menu_order":50,"comment_status":"closed","ping_status":"closed","template":"","meta":{"_et_pb_use_builder":"on","_et_pb_old_content":"<p><i>Dansk produceret b\u00e6nk fra Egeskovgaard savv\u00e6rk, af dansk kvalitets egetr\u00e6. B\u00e6nken er <img class=\" wp-image-85 alignright\" src=\"https:\/\/egeskovgard.dk\/wp-content\/uploads\/2013\/11\/P2270050-Medium.jpg\" alt=\"OLYMPUS DIGITAL CAMERA\" width=\"368\" height=\"277\" \/><br \/> lavet af 5 cm egeblanker for at sikre optimal levetid.<\/i><br \/> B\u00e6nke fremstilles ogs\u00e5 med dine \u00f8nskede m\u00e5l.<\/p><p><strong>F\u00e5es i 3-4 pers model.<\/strong><\/p><table border=\"1\"><tbody><tr><td valign=\"top\" width=\"108\">Tr\u00e6sort<\/td><td valign=\"top\" width=\"128\">Tykkelse<\/td><td valign=\"top\" width=\"118\">Brede<\/td><td valign=\"top\" width=\"118\">L\u00e6ngde<\/td><td valign=\"top\" width=\"98\">Pris<\/td><\/tr><tr><td valign=\"top\" width=\"108\">Eg<\/td><td valign=\"top\" width=\"128\">50mm<\/td><td valign=\"top\" width=\"118\">35cm<\/td><td valign=\"top\" width=\"118\">1.5m<\/td><td valign=\"top\" width=\"98\">3300,-<\/td><\/tr><tr><td valign=\"top\" width=\"108\">Eg<\/td><td valign=\"top\" width=\"128\">50mm<\/td><td valign=\"top\" width=\"118\">35cm<\/td><td valign=\"top\" width=\"118\">2.0m<\/td><td valign=\"top\" width=\"98\">3700,-<\/td><\/tr><\/tbody><\/table><p>\u00a0<\/p>","_et_gb_content_width":"","ngg_post_thumbnail":0,"footnotes":""},"class_list":["post-19","page","type-page","status-publish","hentry"],"_links":{"self":[{"href":"https:\/\/egeskovgard.dk\/index.php?rest_route=\/wp\/v2\/pages\/19","targetHints":{"allow":["GET"]}}],"collection":[{"href":"https:\/\/egeskovgard.dk\/index.php?rest_route=\/wp\/v2\/pages"}],"about":[{"href":"https:\/\/egeskovgard.dk\/index.php?rest_route=\/wp\/v2\/types\/page"}],"author":[{"embeddable":true,"href":"https:\/\/egeskovgard.dk\/index.php?rest_route=\/wp\/v2\/users\/3"}],"replies":[{"embeddable":true,"href":"https:\/\/egeskovgard.dk\/index.php?rest_route=%2Fwp%2Fv2%2Fcomments&post=19"}],"version-history":[{"count":5,"href":"https:\/\/egeskovgard.dk\/index.php?rest_route=\/wp\/v2\/pages\/19\/revisions"}],"predecessor-version":[{"id":1001,"href":"https:\/\/egeskovgard.dk\/index.php?rest_route=\/wp\/v2\/pages\/19\/revisions\/1001"}],"wp:attachment":[{"href":"https:\/\/egeskovgard.dk\/index.php?rest_route=%2Fwp%2Fv2%2Fmedia&parent=19"}],"curies":[{"name":"wp","href":"https:\/\/api.w.org\/{rel}","templated":true}]}}